{"id":5613,"date":"2024-09-23T16:33:33","date_gmt":"2024-09-23T13:33:33","guid":{"rendered":"https:\/\/development.nikon-slm-solutions.de\/?page_id=5613"},"modified":"2026-03-06T18:15:45","modified_gmt":"2026-03-06T15:15:45","slug":"compliance","status":"publish","type":"page","link":"https:\/\/nikon-slm-solutions.com\/de\/compliance\/","title":{"rendered":"Compliance"},"content":{"rendered":"<h2><strong>Der richtige Weg zu einer nachhaltigen Produktion<\/strong><\/h2>\n<p>Wir definieren Compliance als die Einhaltung geltender Gesetze, Normen, interner Unternehmensrichtlinien und Verhaltensgrunds\u00e4tze. Compliance umfasst unter anderem ethisch korrektes Verhalten bei Rechts- und Gesch\u00e4ftsgesch\u00e4ften, Transparenz und soziale Verantwortung. Compliance ist somit der rechtliche, soziale und ethische Rahmen f\u00fcr unternehmerisches, wertorientiertes Handeln.<\/p>\n<p>Nikon SLM ist stolz darauf, eine Technologie anzubieten, die Nachhaltigkeit in Produktionsumgebungen f\u00f6rdert. Unsere Unternehmenskultur ist gepr\u00e4gt von gegenseitigem Vertrauen, Transparenz, Respekt und Verantwortung. Als vertrauensw\u00fcrdiger und transparenter Partner hat Nikon SLM ein effektives Compliance-Management-System, ein funktionales Risikomanagementsystem, interne Unternehmensrichtlinien und ein Whistleblower-System geschaffen.<\/p>\n<p><strong>Warum ist Compliance wichtig?<br \/>\n<\/strong>Compliance ist die Einhaltung, Befolgung und Erf\u00fcllung von Regeln (geltende Gesetze, Normen, interne Unternehmensrichtlinien und Verhaltensgrunds\u00e4tze), aber auch ethisch korrektes Verhalten in rechtlichen und gesch\u00e4ftlichen Angelegenheiten, wie z. B. soziale Verantwortung von Unternehmen, Einhaltung der Menschenrechte, Fairness und Gleichheit.<\/p>\n<p>Respektvoller Umgang, Transparenz und soziale Verantwortung sind die Unternehmenswerte, die entscheidend und wichtig sind, um das Vertrauen der Stakeholder zu erhalten und als Vorbild in der additiven Fertigung zu agieren. Au\u00dferdem ist es wichtig, m\u00f6gliche Risiken f\u00fcr die beteiligten Personen zu vermeiden und die Bem\u00fchungen des Nikon SLM-Teams, der Kunden und Gesch\u00e4ftspartner zu sch\u00fctzen. Compliance hilft uns, unsere Mission zu erf\u00fcllen, unsere Werte zu wahren und die Grundlage f\u00fcr unseren Erfolg in allen M\u00e4rkten zu st\u00e4rken.<\/p>\n<p>Compliance ist daher der rechtliche, soziale und ethische Rahmen f\u00fcr unternehmerisches, werteorientiertes Handeln.<\/p>\n<p style=\"text-align: center;\"><strong>\u201eDie Zukunft der additiven Fertigung ist nachhaltig. Dies erfordert eine vertrauensvolle und transparente Zusammenarbeit in unserem Unternehmen sowie mit unseren Lieferanten und Gesch\u00e4ftspartnern.\u201c<\/strong><\/p>\n<p style=\"text-align: center;\"><strong>\u2014 Sam O\u2019Leary, CEO<\/strong><\/p>\n","protected":false},"excerpt":{"rendered":"<p>Der richtige Weg zu einer nachhaltigen Produktion Wir definieren Compliance als die Einhaltung geltender Gesetze, Normen, interner Unternehmensrichtlinien und Verhaltensgrunds\u00e4tze. Compliance umfasst unter anderem ethisch korrektes Verhalten bei Rechts- und Gesch\u00e4ftsgesch\u00e4ften, Transparenz und soziale Verantwortung. Compliance ist somit der rechtliche, soziale und ethische Rahmen f\u00fcr unternehmerisches, wertorientiertes Handeln. Nikon SLM ist stolz darauf, eine Technologie [&hellip;]<\/p>\n","protected":false},"author":14,"featured_media":0,"parent":0,"menu_order":0,"comment_status":"closed","ping_status":"closed","template":"Compliance.php","meta":{"footnotes":""},"class_list":["post-5613","page","type-page","status-publish","hentry"],"translation":{"provider":"WPGlobus","version":"3.0.2","language":"de","enabled_languages":["en","de"],"languages":{"en":{"title":true,"content":true,"excerpt":false},"de":{"title":true,"content":true,"excerpt":false}}},"_links":{"self":[{"href":"https:\/\/nikon-slm-solutions.com\/de\/wp-json\/wp\/v2\/pages\/5613","targetHints":{"allow":["GET"]}}],"collection":[{"href":"https:\/\/nikon-slm-solutions.com\/de\/wp-json\/wp\/v2\/pages"}],"about":[{"href":"https:\/\/nikon-slm-solutions.com\/de\/wp-json\/wp\/v2\/types\/page"}],"author":[{"embeddable":true,"href":"https:\/\/nikon-slm-solutions.com\/de\/wp-json\/wp\/v2\/users\/14"}],"replies":[{"embeddable":true,"href":"https:\/\/nikon-slm-solutions.com\/de\/wp-json\/wp\/v2\/comments?post=5613"}],"version-history":[{"count":89,"href":"https:\/\/nikon-slm-solutions.com\/de\/wp-json\/wp\/v2\/pages\/5613\/revisions"}],"predecessor-version":[{"id":12780,"href":"https:\/\/nikon-slm-solutions.com\/de\/wp-json\/wp\/v2\/pages\/5613\/revisions\/12780"}],"wp:attachment":[{"href":"https:\/\/nikon-slm-solutions.com\/de\/wp-json\/wp\/v2\/media?parent=5613"}],"curies":[{"name":"wp","href":"https:\/\/api.w.org\/{rel}","templated":true}]}}